{"id":938,"date":"2020-10-24T05:34:24","date_gmt":"2020-10-24T05:34:24","guid":{"rendered":"https:\/\/confetti.com.mx\/?page_id=938"},"modified":"2020-10-24T05:34:24","modified_gmt":"2020-10-24T05:34:24","slug":"aviso","status":"publish","type":"page","link":"https:\/\/confetti.com.mx\/index.php\/aviso\/","title":{"rendered":""},"content":{"rendered":"\n<h1>AVISO DE PRIVACIDAD<\/h1>\n<p style=\"text-align:justify;\">A los Usuarios (como se definen posteriormente), les informamos que el siguiente Aviso de Privacidad, les es aplicable por el simple uso o acceso a cualquiera de las p\u00e1ginas, aplicaciones web y m\u00f3viles, softwares y, aplicaciones en general, que integran el Portal de www.confetti.com.mx (en adelante y, conjunta e indistintamente, el &#8220;Portal&#8221;), por lo que entenderemos que lo acepta y acuerda en obligarse en su cumplimiento. <b>En caso de que no est\u00e9 de acuerdo con el Aviso de Privacidad y\/o con los T\u00e9rminos y Condiciones a su disposici\u00f3n, deber\u00e1 abstenerse de acceder o utilizar el Portal.<\/b><\/p><p style=\"text-align:justify;\">El Usuario, entendido como aquella persona que realiza el uso o accede, mediante equipo de c\u00f3mputo y\/o cualquier equipo de comunicaci\u00f3n o dispositivo, al Portal (en adelante el \u201cUsuario\u201d), acepta plena y sin reserva todas y cada una de las disposiciones incluidas en el presente Aviso de Privacidad.<\/p><p style=\"text-align:justify;\"><b>RESPONSABLE DEL TRATAMIENTO DE SUS DATOS PERSONALES.<\/b> Para CONFETTI SI CONSULTORES S.A. DE C.V. (en adelante la \u201cEmpresa\u201d) la seguridad de los Usuarios es nuestra prioridad, por lo que protegemos sus datos personales mediante el uso, aplicaci\u00f3n y mantenimiento de altas medidas de seguridad t\u00e9cnicas, f\u00edsicas y administrativas.<\/p><p style=\"text-align:justify;\">Como Usuario, usted tiene la oportunidad de escoger entre una amplia gama de productos y servicios a trav\u00e9s de nuestro Portal, sabiendo que sus datos personales estar\u00e1n protegidos y ser\u00e1n tratados de manera confidencial. Les informamos que el RESPONSABLE de recabar y dar tratamiento y\/o utilizar los datos personales que el Usuario proporcione a trav\u00e9s del Portal, es la Empresa, as\u00ed como sus subsidiarias, asociadas, sociedades controladoras y afiliadas.<\/p><p style=\"text-align:justify;\"><b>DOMICILIO DEL RESPONSABLE.<\/b> Para efectos del presente aviso de privacidad, la Empresa se\u00f1ala, individualmente, como su domicilio, el ubicado en FLAMENGO 7, ARBOLEDAS DEL SUR, Tlalpan, Ciudad de M\u00e9xico, C. P. 14376<\/p><p><b>DATOS PERSONALES QUE PUEDEN SER RECOLECTADOS.<\/b> Los datos personales que la Empresa puede recopilar del Usuario al utilizar el Portal y\/o contratar nuestros servicios y productos, son los siguientes:<\/p><p style=\"text-align:justify;\">I. NOMBRE COMPLETO<\/p><p>II. NUMERO TELEF\u00d3NICO<\/p><p style=\"text-align:justify;\">III. CORREO ELECTR\u00d3NICO<\/p><p style=\"text-align:justify;\"><b>FINALIDADES DEL TRATAMIENTO DE SUS DATOS PERSONALES.<\/b> Los datos personales que la Empresa recabe ser\u00e1n utilizados para atender las siguientes finalidades:<\/p><p style=\"text-align:justify;\">I. Para garantizar la calidad de nuestros servicios., Para el env\u00edo de informaci\u00f3n sobre nuestros servicios., Para el env\u00edo de invitaciones a eventos en l\u00ednea.<\/p><p style=\"text-align:justify;\">II. Para integrar expedientes, bases de datos y sistemas necesarios para llevar a cabo las operaciones y servicios correspondientes; (ii) Para reclamar la entrega de premios y\/o promociones; (iii) Para llevar a cabo an\u00e1lisis internos;<\/p><p style=\"text-align:justify;\">III. De manera adicional, se podr\u00e1n utilizar sus datos personales para las siguientes finalidades secundarias: (i) Mercadotecnia, publicidad y prospecci\u00f3n comercial; (ii) Ofrecerle, en su caso, otros productos y servicios propios de la Empresa o de cualquiera de sus afiliadas, subsidiarias, sociedades controladoras, asociadas, comisionistas o sociedades; (iii) Remitirle promociones de otros bienes, servicios y\/o productos; (iv) Para realizar an\u00e1lisis estad\u00edsticos, de generaci\u00f3n de modelos de informaci\u00f3n y\/o perfiles de comportamiento actual y predictivo y, (v) Para participar en encuestas, sorteos y promociones.<\/p><p style=\"text-align:justify;\"><b>OPCIONES Y MEDIOS PARA LIMITAR EL USO O DIVULGACI\u00d3N DE LOS DATOS.<\/b> La Empresa tiene implementadas medidas de seguridad administrativas, t\u00e9cnicas y f\u00edsicas para proteger sus datos personales, mismas que igualmente exigimos sean cumplidas por los proveedores de servicios que contratamos. Usted podr\u00e1 limitar el uso o divulgaci\u00f3n de sus datos personales enviando un correo electr\u00f3nico a hola@confetti.com.mx indic\u00e1ndonos en el cuerpo del correo su nombre completo y que dato desea que no sea divulgado, de proceder su solicitud, se le registrar\u00e1 en el listado de exclusi\u00f3n.<\/p><p style=\"text-align:justify;\"><b>MEDIOS PARA EJERCER LOS DERECHOS DE ACCESO, RECTIFICACI\u00d3N, CANCELACI\u00d3N U OPOSICI\u00d3N (DERECHOS ARCO).<\/b> Puede enviar un correo electr\u00f3nico a hola@confetti.com.mx, en cualquier momento, para ejercer sus Derechos de Acceso, Rectificaci\u00f3n, Cancelaci\u00f3n u Oposici\u00f3n (\u201cDerechos ARCO\u201d). Para ejercer los Derechos ARCO, usted (o su representante legal), deber\u00e1 presentar la solicitud, identific\u00e1ndose con la siguiente documentaci\u00f3n:<\/p><p>I. Nombre del usuario o titular.<\/p><p style=\"text-align:justify;\">II. Domicilio del usuario o titular u otro medio para comunicarle la respuesta a su solicitud.<\/p><p style=\"text-align:justify;\">III. Documentos que acrediten su identidad (IFE\/INE o pasaporte) y, en su caso, los documentos que acrediten la representaci\u00f3n legal del solicitante.<\/p><p style=\"text-align:justify;\">IV. Una descripci\u00f3n de la informaci\u00f3n \/ los datos sobre los que est\u00e1 tratando de ejercer sus derechos ARCO y los derechos que le gustar\u00eda ejercer.<\/p><p>Si uno o m\u00e1s de los documentos mencionados anteriormente no est\u00e1n incluidos, y\/o los documentos tienen errores u omisiones, la Empresa le notificar\u00e1 dentro de los 3 d\u00edas h\u00e1biles posteriores a la recepci\u00f3n de la solicitud y le pedir\u00e1 los documentos faltantes y\/o las correcciones pertinentes; tendr\u00e1 5 d\u00edas h\u00e1biles a partir de esa notificaci\u00f3n para proporcionar la informaci\u00f3n actualizada, de lo contrario, la solicitud se entender\u00e1 como no presentada.<\/p><p style=\"text-align:justify;\"><b>TRANSFERENCIA DE DATOS PERSONALES.<\/b> La Empresa podr\u00e1 divulgar sus datos personales a aquellos terceros que, en virtud de los servicios y productos ofrecidos, necesiten conocerlos para cumplir cabalmente con los mismos.<\/p><p style=\"text-align:justify;\">Asimismo, la Empresa puede divulgar su informaci\u00f3n a las autoridades competentes en t\u00e9rminos de la legislaci\u00f3n aplicable; cualquier transferencia de sus datos personales sin consentimiento se realizar\u00e1 de acuerdo con el Art\u00edculo 37 de la LFPDPPP.<\/p><p style=\"text-align:justify;\"><b>WEB BEACONS.<\/b> La Empresa, podr\u00e1 o no, utilizar tecnolog\u00edas de seguimiento tales como web beacons, similares a las cookies, para recabar datos sobre sus visitas en el Portal; \u00e9stas son peque\u00f1as im\u00e1genes electr\u00f3nicas incrustadas en el contenido web o mensajes de correo electr\u00f3nico, las cuales no se encuentran normalmente visibles para los Usuarios y que nos permiten generar contenidos casi personalizados para ofrecerle una mejor experiencia cuando utilice nuestro Portal.<\/p><p style=\"text-align:justify;\">En caso de no estar de acuerdo con cualquiera de las condiciones aqu\u00ed establecidas, el Usuario siempre podr\u00e1 cambiar la configuraci\u00f3n de su navegador.<\/p><p style=\"text-align:justify;\"><b>MODIFICACIONES AL AVISO DE PRIVACIDAD.<\/b> El presente aviso de privacidad puede sufrir modificaciones, cambios o actualizaciones derivadas, entre otras cosas, por nuevos requerimientos legales; necesidades propias de la Empresa, por los productos o servicios que ofrecemos; por nuestras pr\u00e1cticas de privacidad; por cambios en nuestro modelo de negocio, o por otras causas.<\/p><p style=\"text-align:justify;\">Cualquier modificaci\u00f3n al presente aviso de privacidad le ser\u00e1 notificada a trav\u00e9s de cualquiera de los siguientes medios: un comunicado por escrito enviado a su domicilio; por el correo electr\u00f3nico que se\u00f1ale; un mensaje a su tel\u00e9fono m\u00f3vil; un mensaje dado a conocer a trav\u00e9s del Portal o de cualquier medio electr\u00f3nico que utilice para celebrar operaciones; o bien, en peri\u00f3dicos de amplia circulaci\u00f3n el domicilio social de la Empresa.<\/p>\n","protected":false},"excerpt":{"rendered":"<p>AVISO DE PRIVACIDAD A los Usuarios (como se definen posteriormente), les informamos que el siguiente Aviso de Privacidad, les es aplicable por el simple uso o acceso a cualquiera de las p\u00e1ginas, aplicaciones web y m\u00f3viles, softwares y, aplicaciones en<\/p>\n","protected":false},"author":1,"featured_media":0,"parent":0,"menu_order":0,"comment_status":"closed","ping_status":"closed","template":"","meta":[],"yoast_head":"<!-- This site is optimized with the Yoast SEO plugin v14.2 - https:\/\/yoast.com\/wordpress\/plugins\/seo\/ -->\n<title>&bull; Confetti Consultores<\/title>\n<meta name=\"robots\" content=\"index, follow\" \/>\n<meta name=\"googlebot\" content=\"index, follow, max-snippet:-1, max-image-preview:large, max-video-preview:-1\" \/>\n<meta name=\"bingbot\" content=\"index, follow, max-snippet:-1, max-image-preview:large, max-video-preview:-1\" \/>\n<link rel=\"canonical\" href=\"https:\/\/confetti.com.mx\/index.php\/aviso\/\" \/>\n<meta property=\"og:locale\" content=\"es_MX\" \/>\n<meta property=\"og:type\" content=\"article\" \/>\n<meta property=\"og:title\" content=\"&bull; Confetti Consultores\" \/>\n<meta property=\"og:description\" content=\"AVISO DE PRIVACIDAD A los Usuarios (como se definen posteriormente), les informamos que el siguiente Aviso de Privacidad, les es aplicable por el simple uso o acceso a cualquiera de las p\u00e1ginas, aplicaciones web y m\u00f3viles, softwares y, aplicaciones en\" \/>\n<meta property=\"og:url\" content=\"https:\/\/confetti.com.mx\/index.php\/aviso\/\" \/>\n<meta property=\"og:site_name\" content=\"Confetti Consultores\" \/>\n<meta property=\"article:publisher\" content=\"https:\/\/www.facebook.com\/confetticonsultores\/\" \/>\n<meta name=\"twitter:card\" content=\"summary_large_image\" \/>\n<meta name=\"twitter:creator\" content=\"@ConfettiSI\" \/>\n<meta name=\"twitter:site\" content=\"@ConfettiSI\" \/>\n<script type=\"application\/ld+json\" class=\"yoast-schema-graph\">{\"@context\":\"https:\/\/schema.org\",\"@graph\":[{\"@type\":\"Organization\",\"@id\":\"https:\/\/confetti.com.mx\/#organization\",\"name\":\"Confetti Consultores\",\"url\":\"https:\/\/confetti.com.mx\/\",\"sameAs\":[\"https:\/\/www.facebook.com\/confetticonsultores\/\",\"https:\/\/www.instagram.com\/confetticonsultores\/\",\"https:\/\/www.linkedin.com\/company\/confetti-consultores\/about\/\",\"https:\/\/twitter.com\/ConfettiSI\"],\"logo\":{\"@type\":\"ImageObject\",\"@id\":\"https:\/\/confetti.com.mx\/#logo\",\"inLanguage\":\"es-MX\",\"url\":\"https:\/\/confetti.com.mx\/wp-content\/uploads\/2019\/09\/LogoConfetti350x114_2019-09-02.png\",\"width\":350,\"height\":114,\"caption\":\"Confetti Consultores\"},\"image\":{\"@id\":\"https:\/\/confetti.com.mx\/#logo\"}},{\"@type\":\"WebSite\",\"@id\":\"https:\/\/confetti.com.mx\/#website\",\"url\":\"https:\/\/confetti.com.mx\/\",\"name\":\"Confetti Consultores\",\"description\":\"Lo hacemos divertido\",\"publisher\":{\"@id\":\"https:\/\/confetti.com.mx\/#organization\"},\"potentialAction\":[{\"@type\":\"SearchAction\",\"target\":\"https:\/\/confetti.com.mx\/?s={search_term_string}\",\"query-input\":\"required name=search_term_string\"}],\"inLanguage\":\"es-MX\"},{\"@type\":\"WebPage\",\"@id\":\"https:\/\/confetti.com.mx\/index.php\/aviso\/#webpage\",\"url\":\"https:\/\/confetti.com.mx\/index.php\/aviso\/\",\"name\":\"&bull; Confetti Consultores\",\"isPartOf\":{\"@id\":\"https:\/\/confetti.com.mx\/#website\"},\"datePublished\":\"2020-10-24T05:34:24+00:00\",\"dateModified\":\"2020-10-24T05:34:24+00:00\",\"inLanguage\":\"es-MX\",\"potentialAction\":[{\"@type\":\"ReadAction\",\"target\":[\"https:\/\/confetti.com.mx\/index.php\/aviso\/\"]}]}]}<\/script>\n<!-- \/ Yoast SEO plugin. -->","_links":{"self":[{"href":"https:\/\/confetti.com.mx\/index.php\/wp-json\/wp\/v2\/pages\/938"}],"collection":[{"href":"https:\/\/confetti.com.mx\/index.php\/wp-json\/wp\/v2\/pages"}],"about":[{"href":"https:\/\/confetti.com.mx\/index.php\/wp-json\/wp\/v2\/types\/page"}],"author":[{"embeddable":true,"href":"https:\/\/confetti.com.mx\/index.php\/wp-json\/wp\/v2\/users\/1"}],"replies":[{"embeddable":true,"href":"https:\/\/confetti.com.mx\/index.php\/wp-json\/wp\/v2\/comments?post=938"}],"version-history":[{"count":17,"href":"https:\/\/confetti.com.mx\/index.php\/wp-json\/wp\/v2\/pages\/938\/revisions"}],"predecessor-version":[{"id":955,"href":"https:\/\/confetti.com.mx\/index.php\/wp-json\/wp\/v2\/pages\/938\/revisions\/955"}],"wp:attachment":[{"href":"https:\/\/confetti.com.mx\/index.php\/wp-json\/wp\/v2\/media?parent=938"}],"curies":[{"name":"wp","href":"https:\/\/api.w.org\/{rel}","templated":true}]}}