{"id":593,"date":"2019-08-20T16:18:51","date_gmt":"2019-08-20T16:18:51","guid":{"rendered":"http:\/\/confetti.com.mx\/?page_id=593"},"modified":"2019-09-14T16:32:07","modified_gmt":"2019-09-14T16:32:07","slug":"nosotros","status":"publish","type":"page","link":"https:\/\/confetti.com.mx\/index.php\/nosotros\/","title":{"rendered":"Nosotros"},"content":{"rendered":"\n<p class=\"has-medium-font-size\">En&nbsp;Confetti&nbsp;tenemos un enfoque colorido, fresco, innovador y divertido.&nbsp;<\/p>\n\n\n\n<p class=\"has-medium-font-size\">Brindamos a nuestros clientes acciones que le permitan elevar el nivel de productividad y efectividad en su organizaci\u00f3n, a trav\u00e9s de un equipo talentoso, experto con alto sentido de servicio, humanidad y consciencia econ\u00f3mica.&nbsp;<\/p>\n\n\n\n<p class=\"has-medium-font-size\">Nos distinguimos por ser un equipo de personas con dignidad, gratitud, empat\u00eda, lealtad, entrega e innovaci\u00f3n.<\/p><\/br><\/br>\n\n\n\n<h2>Valores<\/h2>\n\n\n\n<div style=\"width: auto;height: auto;margin-top: 15px;display: inline-block;padding: 5px;\"><img loading=\"lazy\" width=\"697\" height=\"697\" class=\"wp-image-594\" style=\"width: 180px;\" src=\"http:\/\/confetti.com.mx\/wp-content\/uploads\/2019\/08\/DIGNIDAD.png\" alt=\"Dignidad_IMG\" srcset=\"https:\/\/confetti.com.mx\/wp-content\/uploads\/2019\/08\/DIGNIDAD.png 697w, https:\/\/confetti.com.mx\/wp-content\/uploads\/2019\/08\/DIGNIDAD-150x150.png 150w, https:\/\/confetti.com.mx\/wp-content\/uploads\/2019\/08\/DIGNIDAD-300x300.png 300w, https:\/\/confetti.com.mx\/wp-content\/uploads\/2019\/08\/DIGNIDAD-270x270.png 270w, https:\/\/confetti.com.mx\/wp-content\/uploads\/2019\/08\/DIGNIDAD-230x230.png 230w, https:\/\/confetti.com.mx\/wp-content\/uploads\/2019\/08\/DIGNIDAD-45x45.png 45w, https:\/\/confetti.com.mx\/wp-content\/uploads\/2019\/08\/DIGNIDAD-600x600.png 600w, https:\/\/confetti.com.mx\/wp-content\/uploads\/2019\/08\/DIGNIDAD-100x100.png 100w\" sizes=\"(max-width: 697px) 100vw, 697px\" \/><p style=\"color:  #e6007e;text-align:center\" class=\"has-text-color has-medium-font-size wp-image-548\">Dignidad<\/p><\/div>\n        <div style=\"width: auto;height: auto;margin-top: 15px;display: inline-block;padding: 5px;\"><img class=\"wp-image-594\" style=\"width: 180px;\" src=\"http:\/\/confetti.com.mx\/wp-content\/uploads\/2019\/08\/EMPATA.png\" alt=\"Empatia_IMG\"><p style=\"color: #ffed00;text-align:center\" class=\"has-text-color has-medium-font-size wp-image-548\">Empat\u00eda<\/p><\/div>\n        <div style=\"width: auto;height: auto;margin-top: 15px;display: inline-block;padding: 5px;\"><img loading=\"lazy\" width=\"694\" height=\"694\" class=\"wp-image-596\" style=\"width: 180px;\" src=\"http:\/\/confetti.com.mx\/wp-content\/uploads\/2019\/08\/ENTREGA.png\" alt=\"Entrega_IMG\" srcset=\"https:\/\/confetti.com.mx\/wp-content\/uploads\/2019\/08\/ENTREGA.png 694w, https:\/\/confetti.com.mx\/wp-content\/uploads\/2019\/08\/ENTREGA-150x150.png 150w, https:\/\/confetti.com.mx\/wp-content\/uploads\/2019\/08\/ENTREGA-300x300.png 300w, https:\/\/confetti.com.mx\/wp-content\/uploads\/2019\/08\/ENTREGA-270x270.png 270w, https:\/\/confetti.com.mx\/wp-content\/uploads\/2019\/08\/ENTREGA-230x230.png 230w, https:\/\/confetti.com.mx\/wp-content\/uploads\/2019\/08\/ENTREGA-45x45.png 45w, https:\/\/confetti.com.mx\/wp-content\/uploads\/2019\/08\/ENTREGA-600x600.png 600w, https:\/\/confetti.com.mx\/wp-content\/uploads\/2019\/08\/ENTREGA-100x100.png 100w\" sizes=\"(max-width: 694px) 100vw, 694px\" \/><p style=\"color: #2B2E83;text-align:center\" class=\"has-text-color has-medium-font-size wp-image-548\">Entrega<\/p><\/div>\n        <div style=\"width: auto;height: auto;margin-top: 15px;display: inline-block;padding: 5px;\"><img loading=\"lazy\" width=\"693\" height=\"693\" class=\"wp-image-597\" style=\"width: 180px;\" src=\"http:\/\/confetti.com.mx\/wp-content\/uploads\/2019\/08\/GRATITUD.png\" alt=\"Gratitud_IMG\" srcset=\"https:\/\/confetti.com.mx\/wp-content\/uploads\/2019\/08\/GRATITUD.png 693w, https:\/\/confetti.com.mx\/wp-content\/uploads\/2019\/08\/GRATITUD-150x150.png 150w, https:\/\/confetti.com.mx\/wp-content\/uploads\/2019\/08\/GRATITUD-300x300.png 300w, https:\/\/confetti.com.mx\/wp-content\/uploads\/2019\/08\/GRATITUD-270x270.png 270w, https:\/\/confetti.com.mx\/wp-content\/uploads\/2019\/08\/GRATITUD-230x230.png 230w, https:\/\/confetti.com.mx\/wp-content\/uploads\/2019\/08\/GRATITUD-45x45.png 45w, https:\/\/confetti.com.mx\/wp-content\/uploads\/2019\/08\/GRATITUD-600x600.png 600w, https:\/\/confetti.com.mx\/wp-content\/uploads\/2019\/08\/GRATITUD-100x100.png 100w\" sizes=\"(max-width: 693px) 100vw, 693px\" \/><p style=\"color: #662483;text-align:center\" class=\"has-text-color has-medium-font-size wp-image-548\">Gratitud<\/p><\/div>\n        <div style=\"width: auto;height: auto;margin-top: 15px;display: inline-block;padding: 5px;\"><img loading=\"lazy\" width=\"697\" height=\"697\" class=\"wp-image-598\" style=\"width: 180px;\" src=\"http:\/\/confetti.com.mx\/wp-content\/uploads\/2019\/08\/INNOVACION.png\" alt=\"Innovacion_IMG\" srcset=\"https:\/\/confetti.com.mx\/wp-content\/uploads\/2019\/08\/INNOVACION.png 697w, https:\/\/confetti.com.mx\/wp-content\/uploads\/2019\/08\/INNOVACION-150x150.png 150w, https:\/\/confetti.com.mx\/wp-content\/uploads\/2019\/08\/INNOVACION-300x300.png 300w, https:\/\/confetti.com.mx\/wp-content\/uploads\/2019\/08\/INNOVACION-270x270.png 270w, https:\/\/confetti.com.mx\/wp-content\/uploads\/2019\/08\/INNOVACION-230x230.png 230w, https:\/\/confetti.com.mx\/wp-content\/uploads\/2019\/08\/INNOVACION-45x45.png 45w, https:\/\/confetti.com.mx\/wp-content\/uploads\/2019\/08\/INNOVACION-600x600.png 600w, https:\/\/confetti.com.mx\/wp-content\/uploads\/2019\/08\/INNOVACION-100x100.png 100w\" sizes=\"(max-width: 697px) 100vw, 697px\" \/> <p style=\"color: #f39200;text-align:center\" class=\"has-text-color has-medium-font-size wp-image-548\">Innovaci\u00f3n<\/p><\/div>\n        <div style=\"width: auto;height: auto;margin-top: 15px;display: inline-block;padding: 5px;\"><img loading=\"lazy\" width=\"697\" height=\"697\" class=\"wp-image-599\" style=\"width: 180px;\" src=\"http:\/\/confetti.com.mx\/wp-content\/uploads\/2019\/08\/LEALTAD.png\" alt=\"Lealtad_IMG\" srcset=\"https:\/\/confetti.com.mx\/wp-content\/uploads\/2019\/08\/LEALTAD.png 697w, https:\/\/confetti.com.mx\/wp-content\/uploads\/2019\/08\/LEALTAD-150x150.png 150w, https:\/\/confetti.com.mx\/wp-content\/uploads\/2019\/08\/LEALTAD-300x300.png 300w, https:\/\/confetti.com.mx\/wp-content\/uploads\/2019\/08\/LEALTAD-270x270.png 270w, https:\/\/confetti.com.mx\/wp-content\/uploads\/2019\/08\/LEALTAD-230x230.png 230w, https:\/\/confetti.com.mx\/wp-content\/uploads\/2019\/08\/LEALTAD-45x45.png 45w, https:\/\/confetti.com.mx\/wp-content\/uploads\/2019\/08\/LEALTAD-600x600.png 600w, https:\/\/confetti.com.mx\/wp-content\/uploads\/2019\/08\/LEALTAD-100x100.png 100w\" sizes=\"(max-width: 697px) 100vw, 697px\" \/><p style=\"color: #0f70b7;text-align:center\" class=\"has-text-color has-medium-font-size wp-image-548\">Lealtad<\/p><\/div>\n","protected":false},"excerpt":{"rendered":"<p>En&nbsp;Confetti&nbsp;tenemos un enfoque colorido, fresco, innovador y divertido.&nbsp; Brindamos a nuestros clientes acciones que le permitan elevar el nivel de productividad y efectividad en su organizaci\u00f3n, a trav\u00e9s de un equipo talentoso, experto con alto sentido de servicio, humanidad y<\/p>\n","protected":false},"author":1,"featured_media":0,"parent":0,"menu_order":0,"comment_status":"closed","ping_status":"closed","template":"","meta":[],"yoast_head":"<!-- This site is optimized with the Yoast SEO plugin v14.2 - https:\/\/yoast.com\/wordpress\/plugins\/seo\/ -->\n<title>Nosotros &bull; Confetti Consultores<\/title>\n<meta name=\"robots\" content=\"index, follow\" \/>\n<meta name=\"googlebot\" content=\"index, follow, max-snippet:-1, max-image-preview:large, max-video-preview:-1\" \/>\n<meta name=\"bingbot\" content=\"index, follow, max-snippet:-1, max-image-preview:large, max-video-preview:-1\" \/>\n<link rel=\"canonical\" href=\"https:\/\/confetti.com.mx\/index.php\/nosotros\/\" \/>\n<meta property=\"og:locale\" content=\"es_MX\" \/>\n<meta property=\"og:type\" content=\"article\" \/>\n<meta property=\"og:title\" content=\"Nosotros &bull; Confetti Consultores\" \/>\n<meta property=\"og:description\" content=\"En&nbsp;Confetti&nbsp;tenemos un enfoque colorido, fresco, innovador y divertido.&nbsp; Brindamos a nuestros clientes acciones que le permitan elevar el nivel de productividad y efectividad en su organizaci\u00f3n, a trav\u00e9s de un equipo talentoso, experto con alto sentido de servicio, humanidad y\" \/>\n<meta property=\"og:url\" content=\"https:\/\/confetti.com.mx\/index.php\/nosotros\/\" \/>\n<meta property=\"og:site_name\" content=\"Confetti Consultores\" \/>\n<meta property=\"article:publisher\" content=\"https:\/\/www.facebook.com\/confetticonsultores\/\" \/>\n<meta property=\"article:modified_time\" content=\"2019-09-14T16:32:07+00:00\" \/>\n<meta property=\"og:image\" content=\"http:\/\/confetti.com.mx\/wp-content\/uploads\/2019\/08\/DIGNIDAD.png\" \/>\n<meta name=\"twitter:card\" content=\"summary_large_image\" \/>\n<meta name=\"twitter:creator\" content=\"@ConfettiSI\" \/>\n<meta name=\"twitter:site\" content=\"@ConfettiSI\" \/>\n<script type=\"application\/ld+json\" class=\"yoast-schema-graph\">{\"@context\":\"https:\/\/schema.org\",\"@graph\":[{\"@type\":\"Organization\",\"@id\":\"https:\/\/confetti.com.mx\/#organization\",\"name\":\"Confetti Consultores\",\"url\":\"https:\/\/confetti.com.mx\/\",\"sameAs\":[\"https:\/\/www.facebook.com\/confetticonsultores\/\",\"https:\/\/www.instagram.com\/confetticonsultores\/\",\"https:\/\/www.linkedin.com\/company\/confetti-consultores\/about\/\",\"https:\/\/twitter.com\/ConfettiSI\"],\"logo\":{\"@type\":\"ImageObject\",\"@id\":\"https:\/\/confetti.com.mx\/#logo\",\"inLanguage\":\"es-MX\",\"url\":\"https:\/\/confetti.com.mx\/wp-content\/uploads\/2019\/09\/LogoConfetti350x114_2019-09-02.png\",\"width\":350,\"height\":114,\"caption\":\"Confetti Consultores\"},\"image\":{\"@id\":\"https:\/\/confetti.com.mx\/#logo\"}},{\"@type\":\"WebSite\",\"@id\":\"https:\/\/confetti.com.mx\/#website\",\"url\":\"https:\/\/confetti.com.mx\/\",\"name\":\"Confetti Consultores\",\"description\":\"Lo hacemos divertido\",\"publisher\":{\"@id\":\"https:\/\/confetti.com.mx\/#organization\"},\"potentialAction\":[{\"@type\":\"SearchAction\",\"target\":\"https:\/\/confetti.com.mx\/?s={search_term_string}\",\"query-input\":\"required name=search_term_string\"}],\"inLanguage\":\"es-MX\"},{\"@type\":\"ImageObject\",\"@id\":\"https:\/\/confetti.com.mx\/index.php\/nosotros\/#primaryimage\",\"inLanguage\":\"es-MX\",\"url\":\"http:\/\/confetti.com.mx\/wp-content\/uploads\/2019\/08\/DIGNIDAD.png\"},{\"@type\":\"WebPage\",\"@id\":\"https:\/\/confetti.com.mx\/index.php\/nosotros\/#webpage\",\"url\":\"https:\/\/confetti.com.mx\/index.php\/nosotros\/\",\"name\":\"Nosotros &bull; Confetti Consultores\",\"isPartOf\":{\"@id\":\"https:\/\/confetti.com.mx\/#website\"},\"primaryImageOfPage\":{\"@id\":\"https:\/\/confetti.com.mx\/index.php\/nosotros\/#primaryimage\"},\"datePublished\":\"2019-08-20T16:18:51+00:00\",\"dateModified\":\"2019-09-14T16:32:07+00:00\",\"inLanguage\":\"es-MX\",\"potentialAction\":[{\"@type\":\"ReadAction\",\"target\":[\"https:\/\/confetti.com.mx\/index.php\/nosotros\/\"]}]}]}<\/script>\n<!-- \/ Yoast SEO plugin. -->","_links":{"self":[{"href":"https:\/\/confetti.com.mx\/index.php\/wp-json\/wp\/v2\/pages\/593"}],"collection":[{"href":"https:\/\/confetti.com.mx\/index.php\/wp-json\/wp\/v2\/pages"}],"about":[{"href":"https:\/\/confetti.com.mx\/index.php\/wp-json\/wp\/v2\/types\/page"}],"author":[{"embeddable":true,"href":"https:\/\/confetti.com.mx\/index.php\/wp-json\/wp\/v2\/users\/1"}],"replies":[{"embeddable":true,"href":"https:\/\/confetti.com.mx\/index.php\/wp-json\/wp\/v2\/comments?post=593"}],"version-history":[{"count":56,"href":"https:\/\/confetti.com.mx\/index.php\/wp-json\/wp\/v2\/pages\/593\/revisions"}],"predecessor-version":[{"id":811,"href":"https:\/\/confetti.com.mx\/index.php\/wp-json\/wp\/v2\/pages\/593\/revisions\/811"}],"wp:attachment":[{"href":"https:\/\/confetti.com.mx\/index.php\/wp-json\/wp\/v2\/media?parent=593"}],"curies":[{"name":"wp","href":"https:\/\/api.w.org\/{rel}","templated":true}]}}