{"id":477,"date":"2019-08-17T20:40:36","date_gmt":"2019-08-17T20:40:36","guid":{"rendered":"http:\/\/confetti.com.mx\/?page_id=477"},"modified":"2019-09-10T03:02:56","modified_gmt":"2019-09-10T03:02:56","slug":"servicios","status":"publish","type":"page","link":"https:\/\/confetti.com.mx\/index.php\/servicios\/","title":{"rendered":"Servicios"},"content":{"rendered":"\n<p style=\"text-align:left\" class=\"has-medium-font-size\">\n\tEn cada una de nuestras l\u00edneas de negocio tendr\u00e1s el respaldo y la confianza de nuestra garant\u00eda Confetti, la cual consta en que nuestro equipo de Cintas Negras te asegura la efectividad en el resultado y tu plena satisfacci\u00f3n.\n<\/p>\n\n\n\n<table>\n\t<tr>\n\t\t<td style=\"border-style:none; cellspacing:none;\">\n\t\t<\/td>\n\t<\/tr>\n\t<tr>\n\t\t<td style=\"border-style:none; cellspacing:none;\">\n\t\t<\/td>\n\t<\/tr>\n\t<tr>\n\t\t<td style=\"border-style:none; cellspacing:none;\">\n\t\t<\/td>\n\t<\/tr>\n\t<tr>\n\t\t<td style=\"border-style:none; cellspacing:none;\">\n\t\t<\/td>\n\t<\/tr>\n\t<tr>\n\t\t<td style=\"border-style:none; cellspacing:none;\">\n\t\t<\/td>\n\t\t<td style=\"border-style:none; cellspacing:none;\">\n\t\t\t<p style=\"color:#662483;text-align:left\" class=\"has-text-color has-medium-font-size wp-image-548\">\n\t\t\t\t<b>Talento<\/b>\n\t\t\t<\/p>\n\t\t<\/td>\n\t\t<td style=\"border-style:none; cellspacing:none;\">\n\t\t<\/td>\n\t\t<td style=\"border-style:none; cellspacing:none;\">\n\t\t\t<p style=\"color:#2fac66;text-align:left\" class=\"has-text-color has-medium-font-size wp-image-548\">\n\t\t\t\t<b>Tecnolog\u00eda<\/b>\n\t\t\t<\/p>\n\t\t<\/td>\n\t<tr\/>\n\t<tr>\n\t\t<td style=\"border-style:none; cellspacing:none;vertical-align: middle;\">\n\t\t\t<p style=\"color:#662483;text-align:left\" class=\"has-text-color has-medium-font-size wp-image-548\">\n\t\t\t\t<img class=\"wp-image-548\" style=\"width: 150px;\" src=\"http:\/\/confetti.com.mx\/wp-content\/uploads\/2019\/09\/CONFETTI-14.png\" alt=\"Talento_IMG\">\n\t\t\t<\/p>\n\t\t<\/td>\n\t\t<td style=\"border-style:none; cellspacing:none;\">\n\t\t\t<ul style=\"color:#662483;text-align:left\" class=\"has-text-color\" > \n\t\t\t\t<li>Atracci\u00f3n de talento.<\/li> \n\t\t\t\t<li>Contrataci\u00f3n.<\/li> \n\t\t\t\t<li>Desarrollo Organizacional.<\/li> \n\t\t\t\t<li>Desvinculaci\u00f3n y Outplacement.<\/li> \n\t\t\t\t<li>Capacitaci\u00f3n y Desarrollo.<\/li> \n\t\t\t\t<li>Clima y Cultura Organizacional.<\/li> \n\t\t\t\t<li>Relaciones Laborales.<\/li> \n\t\t\t\t<li>Auditor\u00edas.<\/li> \n\t\t\t\t<li>Indicadores.<\/li> \n\t\t\t<\/ul>\n\t\t<\/td>\n\t\t<td style=\"border-style:none; cellspacing:none;vertical-align: middle;\">\n\t\t\t<p style=\"color: #2fac66;text-align:left\" class=\"has-text-color has-medium-font-size wp-image-548\">\n\t\t\t\t<img class=\"wp-image-548\" style=\"width: 150px;\" src=\"http:\/\/confetti.com.mx\/wp-content\/uploads\/2019\/09\/CONFETTI-15.png\" alt=\"Tecnologia_IMG\">\n\t\t\t<\/p> \n\t\t<\/td>\n\t\t<td style=\"border-style:none; cellspacing:none;\">\n\t\t\t<ul style=\"color: #2fac66;text-align:left\" class=\"has-text-color\" > \n\t\t\t\t<li>Administraci\u00f3n de proyectos.<\/li> \n\t\t\t\t<li>F\u00e1brica de software.<\/li> \n\t\t\t\t<li>Arquitectura de soluciones.<\/li> \n\t\t\t\t<li>Auditorias de Hw y Sw.<\/li> \n\t\t\t\t<li>Migraci\u00f3n de datos.<\/li> \n\t\t\t\t<li>Implementaciones de aplicaciones.<\/li> \n\t\t\t\t<li>Implementaci\u00f3n y administraci\u00f3n de servicios Cloud.<\/li> \n\t\t\t\t<li>An\u00e1lisis y dise\u00f1o de procesos.<\/li> \n\t\t\t<\/ul>\n\t\t<\/td>\n\t<\/tr>\n\t<tr>\n\t\t<td style=\"border-style:none; cellspacing:none;\">\n\t\t<\/td>\n\t<\/tr>\n\t<tr>\n\t\t<td style=\"border-style:none; cellspacing:none;\">\n\t\t<\/td>\n\t<\/tr>\n\t<tr>\n\t\t<td style=\"border-style:none; cellspacing:none;\">\n\t\t<\/td>\n\t<\/tr>\n\t<tr>\n\t\t<td style=\"border-style:none; cellspacing:none;\">\n\t\t<\/td>\n\t<\/tr>\n\t<tr>\n\t\t<td style=\"border-style:none; cellspacing:none;\">\n\t\t<\/td>\n\t\t<td style=\"border-style:none; cellspacing:none;\">\n\t\t\t<p style=\"color:#0f70b7;text-align:left\" class=\"has-text-color has-medium-font-size wp-image-548\">\n\t\t\t\t<b>Finanzas<\/b>\n\t\t\t<\/p>\n\t\t<\/td>\n\t\t<td style=\"border-style:none; cellspacing:none;\">\n\t\t<\/td>\n\t\t<td style=\"border-style:none; cellspacing:none;\">\n\t\t\t<p style=\"color:#E6007E;text-align:left\" class=\"has-text-color has-medium-font-size wp-image-548\">\n\t\t\t\t<b>Comunicaci\u00f3n y Dise\u00f1o<b\/>\n\t\t\t<\/p>\n\t\t<\/td>\n\t<tr\/>\n\t<tr>\n\t\t<td style=\"border-style:none; cellspacing:none;vertical-align: middle;\">\n\t\t\t<p style=\"color: #0f70b7;text-align:center\" class=\"has-text-color has-medium-font-size wp-image-548\">\n\t\t\t\t<img class=\"wp-image-548\" style=\"width: 150px;\" src=\"http:\/\/confetti.com.mx\/wp-content\/uploads\/2019\/09\/CONFETTI-17.png\" alt=\"Finanzas_IMG\">\n\t\t\t<\/p>\n\t\t<\/td>\n\t\t<td style=\"border-style:none; cellspacing:none;\">\n\t\t\t<ul style=\"color: #0f70b7;text-align:left\" class=\"has-text-color\" > \n\t\t\t\t<li>Procesos Contables.<\/li> \n\t\t\t\t<li>Finanzas Corporativas.<\/li> \n\t\t\t\t<li>Estrategias y Planeaci\u00f3n Financiera.<\/li> \n\t\t\t\t<li>Modelos Corporativos.<\/li> \n\t\t\t\t<li>Presupuestos.<\/li> \n\t\t\t\t<li>An\u00e1lisis de Proyectos e Inversi\u00f3n.<\/li> \n\t\t\t<\/ul>\n\t\t<\/td>\n\t\t<td style=\"border-style:none; cellspacing:none;vertical-align: middle;\">\n\t\t\t<p style=\"color: #662483;text-align:left\" class=\"has-text-color has-medium-font-size wp-image-548\">\n\t\t\t\t<img class=\"wp-image-548\" style=\"width: 150px;\" src=\"http:\/\/confetti.com.mx\/wp-content\/uploads\/2019\/09\/CONFETTI-16.png\" alt=\"Comunicacion_IMG\">\n\t\t\t<\/p>\n\t\t\t \n\t\t<\/td>\n\t\t<td style=\"border-style:none; cellspacing:none;\">\n\t\t\t<ul style=\"color: #E6007E;text-align:left\" class=\"has-text-color\" > \n\t\t\t\t<li>Estrategias de comunicaci\u00f3n.<\/li> \n\t\t\t\t<li>Canales de comunicaci\u00f3n.<\/li> \n\t\t\t\t<li>Eventos.<\/li> \n\t\t\t\t<li>Campa\u00f1as, Activaciones, etc.<\/li> \n\t\t\t\t<li>Dise\u00f1os.<\/li> \n\t\t\t<\/ul> \n\t\t<\/td>\n\t<\/tr>\n\t<tr>\n\t\t<td style=\"border-style:none; cellspacing:none;\">\n\t\t<\/td>\n\t<\/tr>\n\t<tr>\n\t\t<td style=\"border-style:none; cellspacing:none;\">\n\t\t<\/td>\n\t<\/tr>\n\t<tr>\n\t\t<td style=\"border-style:none; cellspacing:none;\">\n\t\t<\/td>\n\t<\/tr>\n\t<tr>\n\t\t<td style=\"border-style:none; cellspacing:none;\">\n\t\t<\/td>\n\t<\/tr>\n\t<tr>\n\t\t<td style=\"border-style:none; cellspacing:none;\">\n\t\t<\/td>\n\t\t<td style=\"border-style:none; cellspacing:none;\">\n\t\t\t<p style=\"color:#E4CE14;text-align:left\" class=\"has-text-color has-medium-font-size wp-image-548\">\n\t\t\t\t<b>Marketing<b\/>\n\t\t\t<\/p>\n\t\t<\/td>\n\t\t<td style=\"border-style:none; cellspacing:none;\">\n\t\t<\/td>\n\t\t<td style=\"border-style:none; cellspacing:none;\">\n\t\t\t<p style=\"color:#E30613;text-align:left\" class=\"has-text-color has-medium-font-size wp-image-548\">\n\t\t\t\t<b>Servicios Generales<b\/>\n\t\t\t<\/p>\n\t\t<\/td>\n\t<tr\/>\n\t<tr>\n\t\t<td style=\"border-style:none; cellspacing:none;vertical-align: middle;\">\n\t\t\t<p style=\"color: #E4CE14;text-align:center\" class=\"has-text-color has-medium-font-size wp-image-548\">\n\t\t\t\t<img class=\"wp-image-548\" style=\"width: 150px;\" src=\"http:\/\/confetti.com.mx\/wp-content\/uploads\/2019\/09\/CONFETTI-19.png\" alt=\"Marketing_IMG\">\n\t\t\t<\/p> \n\t\t<\/td>\n\t\t<td style=\"border-style:none; cellspacing:none;\">\n\t\t\t<ul style=\"color: #E4CE14;text-align:left\" class=\"has-text-color\" > \n\t\t\t\t<li>Campa\u00f1as Digitales.<\/li> \n\t\t\t\t<li>Influencers.<\/li> \n\t\t\t\t<li>Display.<\/li> \n\t\t\t\t<li>Estudios de Mercado.<\/li> \n\t\t\t\t<li>Satisfacci\u00f3n y Lealtad.<\/li> \n\t\t\t<\/ul>\n\t\t<\/td>\n\t\t<td style=\"border-style:none; cellspacing:none;vertical-align: middle;\">\n\t\t\t<p style=\"color: #E30613;text-align:center\" class=\"has-text-color has-medium-font-size wp-image-548\">\n\t\t\t\t<img class=\"wp-image-548\" style=\"width: 150px;\" src=\"http:\/\/confetti.com.mx\/wp-content\/uploads\/2019\/09\/CONFETTI-18.png\" alt=\"ServiciosGrales_IMG\">\n\t\t\t<\/p>  \n\t\t<\/td>\n\t\t<td style=\"border-style:none; cellspacing:none;\">\n\t\t\t<ul style=\"color: #E30613;text-align:left\" class=\"has-text-color\" > \n\t\t\t\t<li>Papeler\u00eda.<\/li> \n\t\t\t\t<li>Limpieza.<\/li> \n\t\t\t\t<li>Mensajer\u00eda.<\/li> \n\t\t\t\t<li>Impresi\u00f3n digital en gran formato.<\/li> \n\t\t\t\t<li>Impresi\u00f3n en metalizados y sustratos especiales.<\/li> \n\t\t\t<\/ul> \n\t\t<\/td>\n\t<\/tr>\n<\/table>\n","protected":false},"excerpt":{"rendered":"<p>En cada una de nuestras l\u00edneas de negocio tendr\u00e1s el respaldo y la confianza de nuestra garant\u00eda Confetti, la cual consta en que nuestro equipo de Cintas Negras te asegura la efectividad en el resultado y tu plena satisfacci\u00f3n. Talento<\/p>\n","protected":false},"author":1,"featured_media":0,"parent":0,"menu_order":0,"comment_status":"closed","ping_status":"closed","template":"","meta":[],"yoast_head":"<!-- This site is optimized with the Yoast SEO plugin v14.2 - https:\/\/yoast.com\/wordpress\/plugins\/seo\/ -->\n<title>Servicios &bull; Confetti Consultores<\/title>\n<meta name=\"robots\" content=\"index, follow\" \/>\n<meta name=\"googlebot\" content=\"index, follow, max-snippet:-1, max-image-preview:large, max-video-preview:-1\" \/>\n<meta name=\"bingbot\" content=\"index, follow, max-snippet:-1, max-image-preview:large, max-video-preview:-1\" \/>\n<link rel=\"canonical\" href=\"https:\/\/confetti.com.mx\/index.php\/servicios\/\" \/>\n<meta property=\"og:locale\" content=\"es_MX\" \/>\n<meta property=\"og:type\" content=\"article\" \/>\n<meta property=\"og:title\" content=\"Servicios &bull; Confetti Consultores\" \/>\n<meta property=\"og:description\" content=\"En cada una de nuestras l\u00edneas de negocio tendr\u00e1s el respaldo y la confianza de nuestra garant\u00eda Confetti, la cual consta en que nuestro equipo de Cintas Negras te asegura la efectividad en el resultado y tu plena satisfacci\u00f3n. Talento\" \/>\n<meta property=\"og:url\" content=\"https:\/\/confetti.com.mx\/index.php\/servicios\/\" \/>\n<meta property=\"og:site_name\" content=\"Confetti Consultores\" \/>\n<meta property=\"article:publisher\" content=\"https:\/\/www.facebook.com\/confetticonsultores\/\" \/>\n<meta property=\"article:modified_time\" content=\"2019-09-10T03:02:56+00:00\" \/>\n<meta property=\"og:image\" content=\"http:\/\/confetti.com.mx\/wp-content\/uploads\/2019\/09\/CONFETTI-14.png\" \/>\n<meta name=\"twitter:card\" content=\"summary_large_image\" \/>\n<meta name=\"twitter:creator\" content=\"@ConfettiSI\" \/>\n<meta name=\"twitter:site\" content=\"@ConfettiSI\" \/>\n<script type=\"application\/ld+json\" class=\"yoast-schema-graph\">{\"@context\":\"https:\/\/schema.org\",\"@graph\":[{\"@type\":\"Organization\",\"@id\":\"https:\/\/confetti.com.mx\/#organization\",\"name\":\"Confetti Consultores\",\"url\":\"https:\/\/confetti.com.mx\/\",\"sameAs\":[\"https:\/\/www.facebook.com\/confetticonsultores\/\",\"https:\/\/www.instagram.com\/confetticonsultores\/\",\"https:\/\/www.linkedin.com\/company\/confetti-consultores\/about\/\",\"https:\/\/twitter.com\/ConfettiSI\"],\"logo\":{\"@type\":\"ImageObject\",\"@id\":\"https:\/\/confetti.com.mx\/#logo\",\"inLanguage\":\"es-MX\",\"url\":\"https:\/\/confetti.com.mx\/wp-content\/uploads\/2019\/09\/LogoConfetti350x114_2019-09-02.png\",\"width\":350,\"height\":114,\"caption\":\"Confetti Consultores\"},\"image\":{\"@id\":\"https:\/\/confetti.com.mx\/#logo\"}},{\"@type\":\"WebSite\",\"@id\":\"https:\/\/confetti.com.mx\/#website\",\"url\":\"https:\/\/confetti.com.mx\/\",\"name\":\"Confetti Consultores\",\"description\":\"Lo hacemos divertido\",\"publisher\":{\"@id\":\"https:\/\/confetti.com.mx\/#organization\"},\"potentialAction\":[{\"@type\":\"SearchAction\",\"target\":\"https:\/\/confetti.com.mx\/?s={search_term_string}\",\"query-input\":\"required name=search_term_string\"}],\"inLanguage\":\"es-MX\"},{\"@type\":\"ImageObject\",\"@id\":\"https:\/\/confetti.com.mx\/index.php\/servicios\/#primaryimage\",\"inLanguage\":\"es-MX\",\"url\":\"http:\/\/confetti.com.mx\/wp-content\/uploads\/2019\/09\/CONFETTI-14.png\"},{\"@type\":\"WebPage\",\"@id\":\"https:\/\/confetti.com.mx\/index.php\/servicios\/#webpage\",\"url\":\"https:\/\/confetti.com.mx\/index.php\/servicios\/\",\"name\":\"Servicios &bull; Confetti Consultores\",\"isPartOf\":{\"@id\":\"https:\/\/confetti.com.mx\/#website\"},\"primaryImageOfPage\":{\"@id\":\"https:\/\/confetti.com.mx\/index.php\/servicios\/#primaryimage\"},\"datePublished\":\"2019-08-17T20:40:36+00:00\",\"dateModified\":\"2019-09-10T03:02:56+00:00\",\"inLanguage\":\"es-MX\",\"potentialAction\":[{\"@type\":\"ReadAction\",\"target\":[\"https:\/\/confetti.com.mx\/index.php\/servicios\/\"]}]}]}<\/script>\n<!-- \/ Yoast SEO plugin. -->","_links":{"self":[{"href":"https:\/\/confetti.com.mx\/index.php\/wp-json\/wp\/v2\/pages\/477"}],"collection":[{"href":"https:\/\/confetti.com.mx\/index.php\/wp-json\/wp\/v2\/pages"}],"about":[{"href":"https:\/\/confetti.com.mx\/index.php\/wp-json\/wp\/v2\/types\/page"}],"author":[{"embeddable":true,"href":"https:\/\/confetti.com.mx\/index.php\/wp-json\/wp\/v2\/users\/1"}],"replies":[{"embeddable":true,"href":"https:\/\/confetti.com.mx\/index.php\/wp-json\/wp\/v2\/comments?post=477"}],"version-history":[{"count":53,"href":"https:\/\/confetti.com.mx\/index.php\/wp-json\/wp\/v2\/pages\/477\/revisions"}],"predecessor-version":[{"id":821,"href":"https:\/\/confetti.com.mx\/index.php\/wp-json\/wp\/v2\/pages\/477\/revisions\/821"}],"wp:attachment":[{"href":"https:\/\/confetti.com.mx\/index.php\/wp-json\/wp\/v2\/media?parent=477"}],"curies":[{"name":"wp","href":"https:\/\/api.w.org\/{rel}","templated":true}]}}